{"id":15271,"date":"2022-01-10T11:50:37","date_gmt":"2022-01-10T10:50:37","guid":{"rendered":"https:\/\/uat.banquerichelieufrance.com\/mentions-legales\/"},"modified":"2025-11-17T15:18:10","modified_gmt":"2025-11-17T14:18:10","slug":"legal-notices","status":"publish","type":"page","link":"https:\/\/banquerichelieufrance.com\/en\/legal-notices\/","title":{"rendered":"Legal notices"},"content":{"rendered":"\t\t<div data-elementor-type=\"wp-page\" data-elementor-id=\"15271\" class=\"elementor elementor-15271\" data-elementor-post-type=\"page\">\n\t\t\t\t\t\t<section data-particle_enable=\"false\" data-particle-mobile-disabled=\"false\" class=\"elementor-section elementor-top-section elementor-element elementor-element-3bb8662 elementor-section-full_width elementor-section-height-default elementor-section-height-default\" data-id=\"3bb8662\" data-element_type=\"section\" data-e-type=\"section\" data-settings=\"{&quot;background_background&quot;:&quot;classic&quot;}\">\n\t\t\t\t\t\t\t<div class=\"elementor-background-overlay\"><\/div>\n\t\t\t\t\t\t\t<div class=\"elementor-container elementor-column-gap-no\">\n\t\t\t\t\t<div class=\"elementor-column elementor-col-66 elementor-top-column elementor-element elementor-element-0c63ecf\" data-id=\"0c63ecf\" data-element_type=\"column\" data-e-type=\"column\" data-settings=\"{&quot;background_background&quot;:&quot;classic&quot;}\">\n\t\t\t<div class=\"elementor-widget-wrap elementor-element-populated\">\n\t\t\t\t\t\t<div class=\"elementor-element elementor-element-6c40a4b elementor-widget elementor-widget-spacer\" data-id=\"6c40a4b\" data-element_type=\"widget\" data-e-type=\"widget\" data-widget_type=\"spacer.default\">\n\t\t\t\t<div class=\"elementor-widget-container\">\n\t\t\t\t\t\t\t<div class=\"elementor-spacer\">\n\t\t\t<div class=\"elementor-spacer-inner\"><\/div>\n\t\t<\/div>\n\t\t\t\t\t\t<\/div>\n\t\t\t\t<\/div>\n\t\t\t\t\t<\/div>\n\t\t<\/div>\n\t\t\t\t<div class=\"elementor-column elementor-col-33 elementor-top-column elementor-element elementor-element-f0f7ad2\" data-id=\"f0f7ad2\" data-element_type=\"column\" data-e-type=\"column\" data-settings=\"{&quot;background_background&quot;:&quot;gradient&quot;}\">\n\t\t\t<div class=\"elementor-widget-wrap elementor-element-populated\">\n\t\t\t\t\t\t<div class=\"elementor-element elementor-element-e076eef elementor-widget elementor-widget-spacer\" data-id=\"e076eef\" data-element_type=\"widget\" data-e-type=\"widget\" data-widget_type=\"spacer.default\">\n\t\t\t\t<div class=\"elementor-widget-container\">\n\t\t\t\t\t\t\t<div class=\"elementor-spacer\">\n\t\t\t<div class=\"elementor-spacer-inner\"><\/div>\n\t\t<\/div>\n\t\t\t\t\t\t<\/div>\n\t\t\t\t<\/div>\n\t\t\t\t<div class=\"elementor-element elementor-element-0ac4023 elementor-widget elementor-widget-heading\" data-id=\"0ac4023\" data-element_type=\"widget\" data-e-type=\"widget\" data-widget_type=\"heading.default\">\n\t\t\t\t<div class=\"elementor-widget-container\">\n\t\t\t\t\t<h1 class=\"elementor-heading-title elementor-size-default\"><b>Legal Notice<\/b> <\/h1>\t\t\t\t<\/div>\n\t\t\t\t<\/div>\n\t\t\t\t<div class=\"elementor-element elementor-element-924c1cf elementor-widget elementor-widget-spacer\" data-id=\"924c1cf\" data-element_type=\"widget\" data-e-type=\"widget\" data-widget_type=\"spacer.default\">\n\t\t\t\t<div class=\"elementor-widget-container\">\n\t\t\t\t\t\t\t<div class=\"elementor-spacer\">\n\t\t\t<div class=\"elementor-spacer-inner\"><\/div>\n\t\t<\/div>\n\t\t\t\t\t\t<\/div>\n\t\t\t\t<\/div>\n\t\t\t\t\t<\/div>\n\t\t<\/div>\n\t\t\t\t\t<\/div>\n\t\t<\/section>\n\t\t\t\t<section data-particle_enable=\"false\" data-particle-mobile-disabled=\"false\" class=\"elementor-section elementor-top-section elementor-element elementor-element-a026d53 elementor-section-stretched elementor-section-boxed elementor-section-height-default elementor-section-height-default\" data-id=\"a026d53\" data-element_type=\"section\" data-e-type=\"section\" data-settings=\"{&quot;background_background&quot;:&quot;classic&quot;,&quot;stretch_section&quot;:&quot;section-stretched&quot;}\">\n\t\t\t\t\t\t<div class=\"elementor-container elementor-column-gap-default\">\n\t\t\t\t\t<div class=\"elementor-column elementor-col-100 elementor-top-column elementor-element elementor-element-202b44c\" data-id=\"202b44c\" data-element_type=\"column\" data-e-type=\"column\">\n\t\t\t<div class=\"elementor-widget-wrap elementor-element-populated\">\n\t\t\t\t\t\t<div class=\"elementor-element elementor-element-b7270b1 elementor-widget elementor-widget-text-editor\" data-id=\"b7270b1\" data-element_type=\"widget\" data-e-type=\"widget\" data-widget_type=\"text-editor.default\">\n\t\t\t\t<div class=\"elementor-widget-container\">\n\t\t\t\t\t\t\t\t\t<table><tbody><tr><td width=\"302\"><b>Corporate Name<\/b><\/td><td width=\"284\"><p data-start=\"105\" data-end=\"151\">Banque Richelieu France<\/p><\/td><\/tr><tr><td width=\"302\"><strong data-start=\"153\" data-end=\"167\">Legal Form<\/strong><\/td><td width=\"284\">Public limited company with management board and supervisory board with capital of 118,700,000 euros<\/td><\/tr><tr><td width=\"302\"><strong data-start=\"262\" data-end=\"279\">Share Capital<\/strong><\/td><td width=\"284\"><p data-start=\"262\" data-end=\"296\">\u20ac118,700,000<\/p><\/td><\/tr><tr><td width=\"302\"><strong data-start=\"298\" data-end=\"319\">Registered Office<\/strong><\/td><td width=\"284\"><p data-start=\"298\" data-end=\"361\">1-3-5, rue Paul C\u00e9zanne \u2013 75008 Paris<\/p><\/td><\/tr><tr><td width=\"302\"><strong data-start=\"363\" data-end=\"410\">SIREN Number \/ Trade and Companies Register<\/strong><\/td><td width=\"284\"><p data-start=\"363\" data-end=\"475\">338 318 470 \u2013 Paris Trade and Companies Register (RCS Paris)<\/p><\/td><\/tr><tr><td width=\"302\"><strong data-start=\"477\" data-end=\"507\">Intra-Community VAT Number<\/strong><\/td><td width=\"284\"><p data-start=\"477\" data-end=\"528\">FR93 338 318 470<\/p><\/td><\/tr><tr><td width=\"302\"><strong data-start=\"530\" data-end=\"542\">NAF Code<\/strong><\/td><td width=\"284\"><p>6419Z<\/p><\/td><\/tr><tr><td width=\"302\"><strong data-start=\"554\" data-end=\"640\">Authorisation by the French Prudential Supervision and Resolution Authority (ACPR)<\/strong><\/td><td width=\"284\">Credit institution \u2013 Bank \u2013 Investment services provider, authorised under number <span data-start=\"725\" data-end=\"734\">19069<\/span>, authorised to provide all banking transactions, securities account-keeping and custody services, reception and transmission of orders on behalf of third parties, execution of orders on behalf of third parties, portfolio management on behalf of third parties, investment advice, underwriting, and guaranteed and non-guaranteed placement services.<\/td><\/tr><tr><td width=\"302\"><strong data-start=\"1085\" data-end=\"1094\">ORIAS<\/strong><\/td><td width=\"284\">Insurance intermediary registered under number <span data-start=\"1144\" data-end=\"1158\">08 042 935<\/span>. This registration can be verified on the website of ORIAS.<\/td><\/tr><tr><td width=\"302\"><b>Contact<\/b><\/td><td width=\"284\">01 42 89 00 00<br \/>contact@banquerichelieu.com<\/td><\/tr><tr><td width=\"302\"><strong data-start=\"1284\" data-end=\"1307\">Publishing Director<\/strong><\/td><td width=\"284\">Mr. Sylvain FONDEUR<br \/>Chairman of the Executive Board<\/td><\/tr><tr><td width=\"302\"><strong data-start=\"1367\" data-end=\"1386\">Editor-in-Chief<\/strong><\/td><td width=\"284\">Mrs Claire LUZINIER<br \/>Communication Director<\/td><\/tr><\/tbody><\/table>\t\t\t\t\t\t\t\t<\/div>\n\t\t\t\t<\/div>\n\t\t\t\t<div class=\"elementor-element elementor-element-4dd62bd elementor-widget elementor-widget-text-editor\" data-id=\"4dd62bd\" data-element_type=\"widget\" data-e-type=\"widget\" data-widget_type=\"text-editor.default\">\n\t\t\t\t<div class=\"elementor-widget-container\">\n\t\t\t\t\t\t\t\t\t<p class=\"p1\"><b>Website Design and Development<br \/><\/b>The design and development of the Website are carried out by Banque Richelieu France.<\/p><p class=\"p1\"><b>Website Maintenance and Hosting<br \/><\/b>The Website is maintained and hosted by Cognix Systems, using the OVH platform, a simplified joint-stock company (SAS) with share capital of \u20ac40,000, registered with the Lille M\u00e9tropole Trade and Companies Register under number 424 761 419, whose registered office is located at 2, rue Kellermann, 59100 Roubaix, France.<\/p><p class=\"p1\"><b>General Terms of Use<br \/><\/b>The website is the property of Banque Richelieu France and includes:<br \/>&#8211; the website <a style=\"background-color: #ffffff\" href=\"%22\"><span class=\"s1\">https:\/\/banquerichelieufrance.com<\/span><\/a><br \/>&#8211; related websites, including \u201cmyrichelieu.fr\u201d,<br \/>&#8211; associated applications, including \u201cMy Richelieu\u201d and \u201cMy Richelieu Scan\u201d,<br \/>&#8211; all integrated services and associated documents,<\/p><p>collectively referred to as the \u201cSite\u201d.<\/p><p class=\"p1\">Banque Richelieu France provides Users (\u201cUsers\u201d) with services enabling them to:<br \/>&#8211; consult information related to the creation, management, and development of their securities portfolio,<br \/>&#8211; access their securities accounts, subject to acceptance of specific terms of use.<\/p><p class=\"p1\"><b>Acceptance of the Terms of Use<br \/><\/b>Access to and use of the Site (including its Applications) constitutes the User\u2019s acknowledgment that they have read and accepted these General Terms of Use (\u201cTerms\u201d).<\/p><p>ANY ACCESS OR USE OF THE SITE AND ITS APPLICATIONS CONSTITUTES UNCONDITIONAL ACCEPTANCE OF THESE TERMS. USERS WHO DO NOT ACCEPT THE TERMS MUST NOT USE THE SITE AND MUST UNINSTALL THE APPLICATIONS.<\/p><p>The version of the Terms currently available online is the only version enforceable throughout the User\u2019s use of the Site, until replaced by a newer version.<\/p><p>Users are therefore required to consult the Terms with each new connection.<\/p><p class=\"p1\"><b>Authorisation and Regulatory Status<br \/><\/b>Banque Richelieu France (the \u201cBank\u201d) is a French credit institution and investment services provider, authorised and supervised by the ACPR (Autorit\u00e9 de Contr\u00f4le Prudentiel et de R\u00e9solution).<\/p><p class=\"p1\">ACPR Contact: 4 Place de Budapest, CS 92459, 75436 Paris Cedex 09 \u2014 acpr.banque-france.fr.<\/p><p class=\"p1\">The Bank is also subject to:<br \/>&#8211; supervision by the European Central Bank (ECB) with respect to financial soundness,<br \/>&#8211; supervision by the Autorit\u00e9 des march\u00e9s financiers (AMF) as an investment services provider.<\/p><p>The Bank is subject to the provisions of the French Monetary and Financial Code and the AMF General Regulation.<\/p><p class=\"p1\"><b>Insurance Intermediary Register<br \/><\/b>The ORIAS register lists all authorised insurance and reinsurance intermediaries.<\/p><p>Banque Richelieu France is registered as an insurance broker under number 08 042 935.<br \/>Its financial guarantee and professional liability insurance are compliant with Articles L.512-7 and L.512-6 of the French Insurance Code.<\/p><p>The Bank is not bound by exclusivity with any insurance company.<br \/>The names of the insurance companies the Bank works with may be provided upon request.<\/p><p class=\"p1\"><b>Purpose of the Site<br \/><\/b>The Site provides Users with information on the Bank\u2019s products and services, provided that Users ensure they are legally allowed to access the Site from their country of connection.<\/p><p>It also enables Bank clients to access their accounts, and provides certain financial information to the Bank\u2019s partners.<\/p><p><b>The Site is for informational and consultative purposes only and does not allow transactions of any kind.<\/b><\/p><p class=\"p1\"><b>Disclaimer<br \/><\/b>Users should be aware of the following:<\/p><p>Some of the Site\u2019s content is derived from documents considered reliable.<\/p><p class=\"p1\">However, information on financial instruments must not be construed as:<br \/>&#8211; an offer of service or product,<br \/>&#8211; an inducement or recommendation to invest or trade,<br \/>&#8211; a solicitation to buy or sell financial instruments,<br \/>&#8211; a contractual commitment,<br \/>&#8211; financial, legal, tax, or other advice.<\/p><p>No element of the Site constitutes a basis for an investment decision.<br \/>Users are strongly encouraged to seek professional advice before making any investment. The Bank accepts no liability for use of the information in violation of these Terms.<\/p><p class=\"p1\"><b>Jurisdictional Restrictions<br \/><\/b>Some jurisdictions may restrict access to or the use of this Site.<br \/>Users must ensure that they are legally authorised to access it from their country.<\/p><p class=\"p1\"><i><b>Non-residents (outside France)<br \/><\/b><\/i>Access to the products and services described may be restricted by local laws.<br \/>Individuals must verify with their legal or tax advisors that they are authorised to subscribe to these services.<\/p><p class=\"p1\"><b><i>US Persons Warning<br \/><\/i><\/b>The Site, its products, and its services are neither offered nor sold to US Persons, pursuant to the US Securities Exchange Act of 1934, as amended.<br \/>Products and services may not be subscribed to by US Persons unless expressly permitted under applicable US law.<\/p><p>By accessing the Site, Users confirm that such access complies with all laws applicable to them.<\/p><p class=\"p1\"><b>Access Conditions<br \/><\/b>Users confirm that they have the skills and equipment necessary to access and use the Site.<\/p><p>The Bank cannot be held liable for elements outside its control or for any damage affecting the User\u2019s technical environment (computers, software, network equipment, etc.). Telecommunication costs are borne by Users.<\/p><p>The Site is normally available 24\/7 except in cases of force majeure, third-party action, or maintenance. Any interruption will be notified on the homepage or by any other means. Such interruptions do not give rise to compensation.<\/p><p>The Bank may terminate access at any time in the event of a breach of the Terms by the User.<\/p><p class=\"p1\"><b>Editorial Content<br \/><\/b>The Bank may amend the Site at any time without notice and declines responsibility for:<br \/>delays, errors, or omissions, interruptions or unavailability of the Site.<\/p><p>Although the Bank applies reasonable diligence and uses independent partners to ensure the reliability of information, it does not guarantee accuracy, completeness, relevance, or timeliness.<\/p><p class=\"p1\">Information may be amended at any time.<\/p><p>The Bank is not liable for decisions made based on the Site or for damages (direct or indirect), including financial loss. Users acknowledge that past performance does not guarantee future results and that they access and use the content at their own risk.<\/p><p>Certain financial data are provided under licence and protected by copyright. Users may not reproduce, modify, or redistribute this content.<\/p><p class=\"p1\"><b>Information on Financial Instruments<br \/><\/b>Financial instruments may vary in value, and Users may lose part or all of their investment.<\/p><p>Simulations of past or future performance are not reliable indicators of actual future results.<br \/>Exchange-rate fluctuations, commissions, or charges may affect performance.<\/p><p>Certain instruments are intended only for investors with appropriate knowledge and experience.<br \/>Depending on the instruments offered, the Bank may assess suitability or appropriateness.<\/p><p class=\"p1\"><b>Intellectual Property<br \/><\/b>All trademarks, logos, texts, illustrations, software, and other elements appearing on the Site are protected by intellectual property law.<\/p><p>The Bank owns the Site (including Applications) or holds the necessary authorizations.<\/p><p>Content is strictly for personal use.<\/p><p>Any reproduction, distribution, public communication, or adaptation \u2014 in whole or in part \u2014 without the Bank\u2019s prior written consent is strictly prohibited and may result in legal action.<\/p><p>The Bank\u2019s failure to act does not constitute a waiver of rights.<\/p><p class=\"p1\"><b>Protection of Personal Data<br \/><\/b>The Bank places the highest importance on protecting Users\u2019 personal data collected during browsing (public or private space) or via its applications.<\/p><p>In accordance with applicable regulations, Users have the right to: object (depending on the legal basis), access, rectify, erase their personal data.<\/p><p>To exercise these rights:<\/p><p><b>Data Protection Officer (DPO)<br \/><\/b>Banque Richelieu France<br \/>1-3-5 rue Paul C\u00e9zanne, 75008 Paris<br \/>Email: <span class=\"s1\">protectiondesdonnees.fr@banquerichelieu.com<\/span><\/p><p>Users may also lodge a complaint with the CNIL.<br \/>A full Personal Data Protection Charter is available on the Site.<\/p><p class=\"p1\"><b>Confidentiality and Security<br \/><\/b>The private client and partner spaces operate through a secure SSL 128-bit connection.<br \/>Users receive personal credentials (login, password, OTP card).<br \/>They must keep these secure and confidential.<\/p><p>The Bank cannot be held liable for their disclosure or use by third parties.<br \/>Users are responsible for logging out properly.<br \/>Internet security cannot be guaranteed; electronic communications may be intercepted or altered.<\/p><p>The Bank disclaims all liability in this respect.<\/p><p class=\"p1\"><b>Hyperlinks<br \/><\/b>Links from the Site to external websites do not engage the Bank\u2019s liability.<br \/>Links to the Site require the prior written authorisation of the Publishing Director.<\/p><p class=\"p1\"><b>Cookies and Tracking Technologies<br \/><\/b>The Site uses cookies to ensure secure and improved browsing.<\/p><p>Types of cookies:<br \/>&#8211; Essential cookies (functional)<br \/>&#8211; Analytics cookies<br \/>&#8211; Third-party cookies (e.g., embedded videos)<\/p><p>Users consent to the use of cookies but may disable them in their browser.<br \/>Disabling cookies may limit access to personalised services.<\/p><p class=\"p1\"><b>Governing Law<br \/><\/b>The site is governed by French law. Any disputes fall under the exclusive jurisdiction of French courts.<br \/>The official language of the site is French.<\/p>\t\t\t\t\t\t\t\t<\/div>\n\t\t\t\t<\/div>\n\t\t\t\t\t<\/div>\n\t\t<\/div>\n\t\t\t\t\t<\/div>\n\t\t<\/section>\n\t\t\t\t<\/div>\n\t\t","protected":false},"excerpt":{"rendered":"<p>Legal Notice Corporate Name Banque Richelieu France Legal Form Public limited company with management board and supervisory board with capital of 118,700,000 euros Share Capital \u20ac118,700,000 Registered Office 1-3-5, rue Paul C\u00e9zanne \u2013 75008 Paris SIREN Number \/ Trade and Companies Register 338 318 470 \u2013 Paris Trade and Companies Register (RCS Paris) Intra-Community VAT<\/p>\n","protected":false},"author":1,"featured_media":0,"parent":0,"menu_order":0,"comment_status":"closed","ping_status":"closed","template":"","meta":{"footnotes":"","_links_to":"","_links_to_target":""},"class_list":["post-15271","page","type-page","status-publish","hentry"],"_links":{"self":[{"href":"https:\/\/banquerichelieufrance.com\/en\/wp-json\/wp\/v2\/pages\/15271","targetHints":{"allow":["GET"]}}],"collection":[{"href":"https:\/\/banquerichelieufrance.com\/en\/wp-json\/wp\/v2\/pages"}],"about":[{"href":"https:\/\/banquerichelieufrance.com\/en\/wp-json\/wp\/v2\/types\/page"}],"author":[{"embeddable":true,"href":"https:\/\/banquerichelieufrance.com\/en\/wp-json\/wp\/v2\/users\/1"}],"replies":[{"embeddable":true,"href":"https:\/\/banquerichelieufrance.com\/en\/wp-json\/wp\/v2\/comments?post=15271"}],"version-history":[{"count":15,"href":"https:\/\/banquerichelieufrance.com\/en\/wp-json\/wp\/v2\/pages\/15271\/revisions"}],"predecessor-version":[{"id":21723,"href":"https:\/\/banquerichelieufrance.com\/en\/wp-json\/wp\/v2\/pages\/15271\/revisions\/21723"}],"wp:attachment":[{"href":"https:\/\/banquerichelieufrance.com\/en\/wp-json\/wp\/v2\/media?parent=15271"}],"curies":[{"name":"wp","href":"https:\/\/api.w.org\/{rel}","templated":true}]}}